{"id":856,"date":"2012-02-24T13:55:52","date_gmt":"2012-02-24T19:55:52","guid":{"rendered":"http:\/\/blografia.net\/vicm3\/?page_id=856"},"modified":"2021-01-03T23:44:52","modified_gmt":"2021-01-04T05:44:52","slug":"documentos","status":"publish","type":"page","link":"https:\/\/blografia.net\/vicm3\/documentos\/","title":{"rendered":"Documentos"},"content":{"rendered":"<h1>Documentos, textos y divagaciones:<\/h1>\n<p>Finalmente me he decidido a intentar poner en orden los textos y documentos que he escrito por aqu\u00ed y por all\u00e1.<\/p>\n<h2>Licenciatura<\/h2>\n<ul>\n<li><a href=\"http:\/\/blografia.net\/vicm3\/docs\/migracion.html\">Un trabajo sobre migraci\u00f3n<\/a> Octubre 1996<\/li>\n<li><a href=\"http:\/\/blografia.net\/vicm3\/docs\/lenguaje.html\">El Lenguaje y el conocimiento en la vida cotidiana (ensayo)<\/a> Noviembre 1996<\/li>\n<li><a href=\"http:\/\/blografia.net\/vicm3\/docs\/ruptura.html\">La ruptura (ensayo)<\/a> Enero 1997<\/li>\n<li><a href=\"http:\/\/blografia.net\/vicm3\/docs\/huxley.html\">Un ensayo sobre un mundo feliz<\/a> 1997<\/li>\n<li><a href=\"http:\/\/blografia.net\/vicm3\/docs\/seguridad.html\">Un trabajo sobre Los partidos pol\u00edticos y el problema de la seguridad publica<\/a> Diciembre 1997<\/li>\n<li><a href=\"http:\/\/blografia.net\/vicm3\/docs\/fans.html\">Mi proyecto (lease ensayo) sobre los fans de la animaci\u00f3n japonesa en M\u00e9xico <\/a>\u00a01997<\/li>\n<li><a href=\"http:\/\/blografia.net\/vicm3\/docs\/zapatistas.html\">Un ensayo sobre zapatismo e internet<\/a> Julio 1998<\/li>\n<li><a href=\"http:\/\/blografia.net\/vicm3\/docs\/zapatismo.html\">Un ensayo sobre zapatismo e internet<\/a> en cierta forma las conclusiones&#8230; un poco ampliadas y a la vez una versi\u00f3n mas resumida \/ Julio &#8211; Agosto 1998<\/li>\n<li><a href=\"http:\/\/blografia.net\/vicm3\/docs\/educacion.html\">Un ensayo sobre los retos de la educacion ante el nuevo milenio<\/a> Octubre 1998<\/li>\n<li><a href=\"http:\/\/blografia.net\/vicm3\/docs\/heller.html\">Un peque\u00f1o resumen de una exposici\u00f3n sobre la vida cotidiana&#8230;<\/a> Marzo 1999<\/li>\n<li><a href=\"http:\/\/blografia.net\/vicm3\/docs\/iap.html\">Un intento de aplicar Investigaci\u00f3n Acci\u00f3n Participativa (IAP) al caso de una comunidad virtual en la UAM-X<\/a> Abril 1999<\/li>\n<li><a href=\"http:\/\/blografia.net\/vicm3\/data\/files\/tesis.pdf\">El trabajo recepcional (1999): Comunidades Virtuales: Los BBS, agosto 1999, PDF, 21MB<\/a><\/li>\n<\/ul>\n<h2>Maestr\u00eda<\/h2>\n<ul>\n<li>De la hermen\u00e9utica en las\u00a0ciencias sociales a la\u00a0hermen\u00e9utica de las ciencias\u00a0sociales (2006) <a href=\"http:\/\/linux.ajusco.upn.mx\/~vicm3\/teoria\">http:\/\/linux.ajusco.upn.mx\/~vicm3\/teoria<\/a><\/li>\n<li>La federalizaci\u00f3n de la educaci\u00f3n b\u00e1sica y normal (1978-1994), Alberto Arnaut, octubre 2006, presentaci\u00f3n para clase (2007, un buen ejemplo de como hacer un resumen y un mal ejemplo de como hacer una presentaci\u00f3n) <a href=\"http:\/\/linux.ajusco.upn.mx\/~vicm3\/analisis\/La%20federalizaci%f3n%20de%20la%20educaci%f3n%20b%e1sica%20y%20normal.ppt\">presentaci\u00f3n (ppt)<\/a>, <a href=\"http:\/\/linux.ajusco.upn.mx\/~vicm3\/analisis\/Linea%20de%20tiempo-%20La%20federalizacion%20de%20la%20educacion%20basica%20y%20normal.xls\">l\u00ednea de tiempo (xls)<\/a><\/li>\n<li>Unidad 1 y 2 del curso de procesador de texto exportados como HTML a partir de un Objeto de Aprendizaje con eXe (2009)\u00a0<a href=\"http:\/\/linux.ajusco.upn.mx\/~vicm3\/exe\/\">http:\/\/linux.ajusco.upn.mx\/~vicm3\/exe\/<\/a><\/li>\n<\/ul>\n<h2>Servicio Social<\/h2>\n<ul>\n<li><a href=\"http:\/\/blografia.net\/vicm3\/docs\/presentacionservicio.html\">Presentaci\u00f3n del proyecto de servicio social<\/a> por la profesora Celia Pacheco y profesor Marco G\u00f3mez (1999?)<\/li>\n<li><a href=\"http:\/\/blografia.net\/vicm3\/docs\/serviciosocial.html\">Presentaci\u00f3n del proyecto de servicio social<\/a> por vicm3 2000<\/li>\n<li><a href=\"http:\/\/blografia.net\/vicm3\/docs\/reportesoc.html\">Reporte de servicio social<\/a> como Webmaster del centro de apoyo para investigadores sobre el mundo del trabajo Febrero 2000<\/li>\n<li><a href=\"http:\/\/blografia.net\/vicm3\/docs\/presentacionndico.html\">Proyecto de recuperaci\u00f3n tecnol\u00f3gica con recursos limitados<\/a> <b>(GNU\/LINUX)<\/b> Noviembre de 1999\n<ul>\n<li><a href=\"http:\/\/blografia.net\/vicm3\/docs\/ndico\/index.html\">P\u00e1gina del proyecto<\/a> Marzo 2000<\/li>\n<li><a href=\"http:\/\/blografia.net\/vicm3\/docs\/presentacionndico.html\">Presentaci\u00f3n en el evento<\/a> \u00abC\u00f3mputo en los 25 a\u00f1os de la Universidad Aut\u00f3noma Metropolitana unidad Xochimilco\u00bb (17 de noviembre de 1999)<\/li>\n<li><a href=\"http:\/\/blografia.net\/vicm3\/docs\/ndico\/reporte.html\">Reporte del proyecto<\/a> 7 de Marzo 2000<\/li>\n<\/ul>\n<\/li>\n<\/ul>\n<h2>Otros<\/h2>\n<ul>\n<li><a href=\"http:\/\/blografia.net\/vicm3\/docs\/habia.html\">Hab\u00eda una vez&#8230;<\/a> 11\/01\/2000 Colaboraci\u00f3n para la revista de Comunicaci\u00f3n de la UAM Xochimilco, obra y milagros de los primeros usuarios con acceso a Internet<\/li>\n<li><a href=\"http:\/\/blografia.net\/vicm3\/docs\/mp3.html\">M\u00fasica Digital (MP3)<\/a> 07\/03\/2000 Colaboraci\u00f3n para el suplemento de computaci\u00f3n del peri\u00f3dico \u00abSol de M\u00e9xico\u00bb<\/li>\n<li><a href=\"http:\/\/blografia.net\/vicm3\/docs\/software.html\">Software \u00bfLibre?<\/a> 06\/04\/2000 Colaboraci\u00f3n para el suplemento de computaci\u00f3n del peri\u00f3dico \u00abSol de M\u00e9xico\u00bb<\/li>\n<li>Plan de trabajo (2002)\u00a0<a href=\"http:\/\/linux.ajusco.upn.mx\/~vicm3\/plan.txt\">http:\/\/linux.ajusco.upn.mx\/~vicm3\/plan.txt<\/a><\/li>\n<\/ul>\n<h2>Documentaci\u00f3n sobre software libre (y no tan libre)<\/h2>\n<ul>\n<li><a href=\"http:\/\/blografia.net\/vicm3\/docs\/minordomo.html\">Manejador de listas Minordomo<\/a> (ahora sustituido por Minorfish) 2001<\/li>\n<li><a href=\"http:\/\/blografia.net\/vicm3\/docs\/wwwboard.html\">Sistema de foros WWWBoard<\/a> 2001<\/li>\n<li>Curso introductorio a Star Writer (2002)\u00a0<a href=\"http:\/\/linux.ajusco.upn.mx\/~vicm3\/curso\/\">http:\/\/linux.ajusco.upn.mx\/~vicm3\/curso\/<\/a><\/li>\n<li>Manual para instalar el DSP de Shoutcast en Winamp para RPO (2007)\u00a0<a href=\"http:\/\/linux.ajusco.upn.mx\/~vicm3\/manual\/\">http:\/\/linux.ajusco.upn.mx\/~vicm3\/manual\/<\/a><\/li>\n<li>Tutoriales para realizar diversas actividades muy requeridas en Moodle (2005-2007) usando Captivate\u00a0<a href=\"http:\/\/linux.ajusco.upn.mx\/~vicm3\/manuales\/\">http:\/\/linux.ajusco.upn.mx\/~vicm3\/manuales\/<\/a><\/li>\n<\/ul>\n<h2>Conferencias, charlas<\/h2>\n<ul>\n<li>LMS y Software Libre (2002), Primer Encuentro en l\u00ednea de Educaci\u00f3n y Software Libre <a href=\"http:\/\/linux.ajusco.upn.mx\/~vicm3\/lms\/\">http:\/\/linux.ajusco.upn.mx\/~vicm3\/lms\/<\/a><\/li>\n<li><a href=\"http:\/\/blografia.net\/vicm3\/docs\/nucleo.html\">Platica sobre monitoreo y manejo de ancho de banda (rshaper, pro-ftpd, QOS)<\/a> para el seminario interno de inform\u00e1tica UPN (2002?)<\/li>\n<li>Comunidades virtuales y educaci\u00f3n, Primer Congreso Nacional de Software Libre (2002)\u00a0<a href=\"http:\/\/linux.ajusco.upn.mx\/~vicm3\/consol\/\">http:\/\/linux.ajusco.upn.mx\/~vicm3\/consol\/<\/a><\/li>\n<li>Software Libre, el caso de Linux, ponencia para curso en la unidad UPN de San Luis Potosi (2004)\u00a0<a href=\"http:\/\/linux.ajusco.upn.mx\/~vicm3\/curso2004\/\">http:\/\/linux.ajusco.upn.mx\/~vicm3\/curso2004\/<\/a><\/li>\n<li>E-learning, como inventar el hilo negro o redescubrir el agua caliente, una aproximaci\u00f3n pragm\u00e1tica al problema, para el Encuentro de Educaci\u00f3n y Software Libre (2004) <a href=\"http:\/\/linux.ajusco.upn.mx\/~vicm3\/enlinea\/\">http:\/\/linux.ajusco.upn.mx\/~vicm3\/enlinea\/<\/a><\/li>\n<li>Un vistazo al control de versiones, Congreso Nacional de Software Libre (2005), <a href=\"http:\/\/linux.ajusco.upn.mx\/~vicm3\/consol2005\/\">http:\/\/linux.ajusco.upn.mx\/~vicm3\/consol2005\/<\/a><\/li>\n<li>Plataformas, Educaci\u00f3n en L\u00ednea y a distancia presentaci\u00f3n para el colegio de profesores de Pedagog\u00eda UPN (2006), <a href=\"http:\/\/linux.ajusco.upn.mx\/~vicm3\/plataformas\/\">http:\/\/linux.ajusco.upn.mx\/~vicm3\/plataformas\/<\/a><\/li>\n<li>Claroline Un vistazo r\u00e1pido al e-learning, Congreso Nacional de Software Libre (2006), <a href=\"http:\/\/linux.ajusco.upn.mx\/~vicm3\/consol2006\/\">http:\/\/linux.ajusco.upn.mx\/~vicm3\/consol2006\/<\/a><\/li>\n<li>Lighttpd, Congreso Nacional de Software Libre (2008), <a href=\"http:\/\/linux.ajusco.upn.mx\/~vicm3\/consol2008\/\">http:\/\/linux.ajusco.upn.mx\/~vicm3\/consol2008\/<\/a><\/li>\n<li>Una introducci\u00f3n a los Objetos de Aprendizaje con eXelearning Editor, Congreso Nacional de Software Libre (2009), <a href=\"http:\/\/linux.ajusco.upn.mx\/~vicm3\/consol2009\/\">http:\/\/linux.ajusco.upn.mx\/~vicm3\/consol2009\/<\/a><\/li>\n<li>Los peligros de la Web 2.0,\u00a0Congreso Nacional de Software Libre, <a href=\"http:\/\/linux.ajusco.upn.mx\/~vicm3\/consol2010\">http:\/\/linux.ajusco.upn.mx\/~vicm3\/consol2010<\/a><\/li>\n<li>Mesa de discusi\u00f3n: Activismo social mediado por las Tecnolog\u00edas de la Informaci\u00f3n y la Comunicaci\u00f3n de Versi\u00f3n Radio, Estudios de Comunicaci\u00f3n, Pol\u00edtica y Cultura, junio (2012). <a href=\"http:\/\/blografia.net\/vicm3\/wp-content\/uploads\/2019\/06\/Programa-51-Versi\u00f3n-Radio-Activismo-y-TICS-01.mp3\">Parte 1<\/a>, <a href=\"http:\/\/blografia.net\/vicm3\/wp-content\/uploads\/2019\/06\/Programa-52-Versi\u00f3n-Radio-Activismo-y-TICS-02.mp3\">Parte 2<\/a>, <a href=\"http:\/\/blografia.net\/vicm3\/wp-content\/uploads\/2019\/06\/Programa-55-Versi\u00f3n-Radio-Activismo-y-TICS-03.mp3\">Parte 3<\/a>.<\/li>\n<li>Conferencia Magistral: Los portales de transparencia y los datos abiertos en las universidades p\u00fablicas, Octavo Encuentra en L\u00ednea de Educaci\u00f3n, Cultura y Software Libres <a href=\"https:\/\/edusol.info\/es\/e2017\">https:\/\/edusol.info\/es\/e2017<\/a>, del 18 al 25 de octubre de 2017, disponible en <a href=\"https:\/\/www.youtube.com\/watch?v=1ajic6FEtnI&amp;t=2120s\">https:\/\/www.youtube.com\/watch?v=1ajic6FEtnI&amp;t=2120s<\/a><\/li>\n<li>Recurso Educativo Abierto: Trabajando con datos de los Sistemas de Portales de<br \/>\nObligaciones de Transparencia del gobierno de M\u00e9xico en educaci\u00f3n, Noveno Encuentro en L\u00ednea de Educaci\u00f3n, Cultura y Software Libre (2019), 7 de octubre. <a href=\"http:\/\/blografia.net\/vicm3\/wp-content\/uploads\/2021\/01\/Ponencia-para-edusol.pdf\">Archivo de la ponencia PDF 104KB<\/a> video disponible en <a href=\"https:\/\/edusol.info\/e9\/dia1\/rea-abierto-portales-transparencia\">https:\/\/edusol.info\/e9\/dia1\/rea-abierto-portales-transparencia<\/a><\/li>\n<li>Fuentes primarias: Grandes datos, IA contra ense\u00f1anza humana, los portales de transparencia, Congreso Nacional de Software Libre (2019), 9 de octubre. <a href=\"http:\/\/blografia.net\/vicm3\/wp-content\/uploads\/2021\/01\/ponencia-consol-vicm3.pdf\">Archivo de la ponencia PDF 1.5MB<\/a><\/li>\n<\/ul>\n<h2>Publicaciones<\/h2>\n<ul>\n<li>\u201c<a href=\"http:\/\/blografia.net\/vicm3\/wp-content\/uploads\/2019\/06\/Recursos_Digitales_para_el_Aprendizaje.pdf\">Teor\u00eda y pr\u00e1ctica de los Objetos de Aprendizaje en la Educaci\u00f3n Superior<\/a>\u201d, presentado<br \/>\nen la Conferencia conjunta Iberoamericana sobre Tecnolog\u00edas para el aprendizaje. 6 \u2013 10 julio 2009, M\u00e9rida Yucat\u00e1n.<\/li>\n<li>Acontece: Vivencias, haceres, saberes. revista Trimestral de sistematizaci\u00f3n e investigaci\u00f3n: De la hermen\u00e9utica en las ciencias sociales a la hermen\u00e9utica de las ciencias sociales, N\u00famero 16, A\u00f1o 2011, ISSN 1856-7614<\/li>\n<li>Mart\u00ednez V., Solano, A.,\u00a0Zaragoza, R. (2015) <em>Claroline<\/em>, en Mendizabal, M., Valenzuela, R., Coordinadores,\u00a0<em>Plataformas libres para la educaci\u00f3n mediada por las TIC<\/em>, UNAM, ECOESAD, pp 223-236,\u00a0<a href=\"https:\/\/web.archive.org\/web\/20170729071343\/http:\/\/web.cuaed.unam.mx\/wp-content\/uploads\/2016\/01\/PDF\/plataformas-libres.pdf\">http:\/\/web.cuaed.unam.mx\/wp-content\/uploads\/2016\/01\/PDF\/plataformas-libres.pdf<\/a><\/li>\n<\/ul>\n<h4><b>Pagina creada el 24\/02\/1998 &#8211; ultima modificaci\u00f3n 18\/01\/2004 , resucitada el 23\/03\/2006 se refiere a la p\u00e1gina original <a href=\"http:\/\/blografia.net\/vicm3\/docs\/\">http:\/\/blografia.net\/vicm3\/docs\/<\/a> a partir de 2012 solo se actualiza en el blog, ultima edici\u00f3n 14\/06\/2018.<\/b><\/h4>\n","protected":false},"excerpt":{"rendered":"<p>Documentos, textos y divagaciones: Finalmente me he decidido a intentar poner en orden los textos y documentos que he escrito por aqu\u00ed y por all\u00e1. Licenciatura Un trabajo sobre migraci\u00f3n Octubre 1996 El Lenguaje y el conocimiento en la vida &hellip; <a href=\"https:\/\/blografia.net\/vicm3\/documentos\/\">Sigue leyendo <span class=\"meta-nav\">&rarr;<\/span><\/a><\/p>\n","protected":false},"author":2,"featured_media":0,"parent":0,"menu_order":1,"comment_status":"open","ping_status":"closed","template":"onecolumn-page.php","meta":{"advanced_seo_description":"","jetpack_seo_html_title":"","jetpack_seo_noindex":false,"jetpack_post_was_ever_published":false,"footnotes":""},"class_list":["post-856","page","type-page","status-publish","hentry"],"jetpack_sharing_enabled":true,"jetpack-related-posts":[{"id":2,"url":"https:\/\/blografia.net\/vicm3\/acerca-de\/","url_meta":{"origin":856,"position":0},"title":"Acerca de mi","author":"vicm3","date":"3 noviembre, 2010","format":false,"excerpt":"Aqu\u00ed estar\u00e1 el acerca de mi. En 2011 dice: Soci\u00f3logo, actualmente profesor de tiempo completo, adscrito al \u00e1rea 4 Tecnolog\u00edas de la Informaci\u00f3n y Modelos Alternativos de la Universidad Pedag\u00f3gica Nacional unidad Ajusco. Mis intereses de investigaci\u00f3n son la comunicaci\u00f3n mediada por computadora (CMC), los sistemas de gesti\u00f3n de contenido\u2026","rel":"","context":"Entrada similar","block_context":{"text":"Entrada similar","link":""},"img":{"alt_text":"","src":"","width":0,"height":0},"classes":[]}],"_links":{"self":[{"href":"https:\/\/blografia.net\/vicm3\/wp-json\/wp\/v2\/pages\/856","targetHints":{"allow":["GET"]}}],"collection":[{"href":"https:\/\/blografia.net\/vicm3\/wp-json\/wp\/v2\/pages"}],"about":[{"href":"https:\/\/blografia.net\/vicm3\/wp-json\/wp\/v2\/types\/page"}],"author":[{"embeddable":true,"href":"https:\/\/blografia.net\/vicm3\/wp-json\/wp\/v2\/users\/2"}],"replies":[{"embeddable":true,"href":"https:\/\/blografia.net\/vicm3\/wp-json\/wp\/v2\/comments?post=856"}],"version-history":[{"count":0,"href":"https:\/\/blografia.net\/vicm3\/wp-json\/wp\/v2\/pages\/856\/revisions"}],"wp:attachment":[{"href":"https:\/\/blografia.net\/vicm3\/wp-json\/wp\/v2\/media?parent=856"}],"curies":[{"name":"wp","href":"https:\/\/api.w.org\/{rel}","templated":true}]}}