{"id":2,"date":"2011-09-03T20:55:08","date_gmt":"2011-09-04T02:55:08","guid":{"rendered":"http:\/\/blografia.net\/lacobachab\/?page_id=2"},"modified":"2011-09-03T22:15:54","modified_gmt":"2011-09-04T04:15:54","slug":"acercade","status":"publish","type":"page","link":"https:\/\/blografia.net\/lacobachab\/acercade\/","title":{"rendered":"\u00bfQuien hace la cobacha?"},"content":{"rendered":"<p><a href=\"\/malo\">Demoss\/Spiderman\/Mike<\/a><\/p>\n<p>Genio de sonido, quien dedica su tiempo libre a buscar nuevas e in\u00e9ditas versiones de \u00abPalomitas de ma\u00edz\u00bb, lector \u00e1vido de Terry Pratchet, seguidor de Lobo, Freemen incansable de la obra de Herbert, implacable lector de Asimov.<\/p>\n<p><a href=\"\/map\">Map<\/a><\/p>\n<p>Nuestro Japan master guru, auto proclamado Rey del conocimiento in\u00fatil, lector \u00e1vido de Kosuke Fujishima, hasta hace poco suscriptor de la Newtype America, actual editor del portal de noticias AnimeProject, mani\u00e1tico del para-para, pump it up anexas y conexas, mel\u00f3mano de coraz\u00f3n, no duda en opinar que el eclecticismo es una forma adornada de mal gusto musical.<\/p>\n<p><a href=\"\/ikarus\">Ikarus<\/a><\/p>\n<p>Animero por definici\u00f3n, apasionado de las espadas y armas similares y conexas, experto en bebidas et\u00edlicas, chef por vocaci\u00f3n, reportero gr\u00e1fico por afici\u00f3n, la parte hard core del equipo.<\/p>\n<p><a href=\"http:\/\/nodencio.net\">Nodens<\/a><br \/>\n<a href=\"http:\/\/twitter.com\/Nodens\">Twitter<\/a><\/p>\n<p>El se\u00f1or oscuro, enciclopedia ambulante, adicto a los gadgets, experto en conseguir hardware esot\u00e9rico, Nokia Fan from Hell, ferviente cruzado contra Apple, consumidor empedernido de Cine Chino, Koreano Taiwanes, dif\u00edcil de conseguir, scout profesional del bajo mundo chopiano.<\/p>\n<p><a href=\"\/vicm3\">vicm3<\/a><br \/>\n<a href=\"http:\/\/twitter.com\/vicm3\">Twitter<\/a><br \/>\n<a href=\"http:\/\/identi.ca\/vicm3\/\">identi.ca<\/a><\/p>\n<p>Soci\u00f3logo por formaci\u00f3n, linuxero por convicci\u00f3n, el loco tras la idea de hacer audio bajo demanda en una \u00e9poca en que 15MB eran MUCHO, dejo de jugar consolas cuando salio SF2 para SNES, declara que le encanta el dise\u00f1o de las Mac, pero el costo ni cercanamente, censor vitalicio de lo que se dice en la cobacha<\/p>\n<p><a href=\"\/mostrenco\">Mostrenco<\/a><br \/>\n<a href=\"http:\/\/twitter.com\/montrencxs\">Twitter<\/a><\/p>\n<p>Conductor de la hora hentai, \u00e1vido corrector de obras ocultas, cultas, incultas y hasta esot\u00e9ricas, jugador de baseball, practicante de Muay Thai, seguidor asiduo de los premios Darwin.<\/p>\n<p>Actualizaci\u00f3n: 3\/09\/2011<\/p>\n<p>Gracias a Nodens, agregamos los medios sociales, no se si a\u00f1adir los de FB, orkut, hi5 u otros, creo que con identi.ca y twitter es m\u00e1s que suficiente.<\/p>\n<p>Actualizaci\u00f3n: 17\/5\/08<\/p>\n<p>Se a\u00f1adieron URLS a los blogs personales, se a\u00f1adi\u00f3 datos sobre el odio del Se\u00f1or Oscuro contra Apple. (Ikarus ya tiene blog en blografia).<\/p>\n","protected":false},"excerpt":{"rendered":"<p>Demoss\/Spiderman\/Mike Genio de sonido, quien dedica su tiempo libre a buscar nuevas e in\u00e9ditas versiones de \u00abPalomitas de ma\u00edz\u00bb, lector \u00e1vido de Terry Pratchet, seguidor de Lobo, Freemen incansable de la obra de Herbert, implacable lector de Asimov. Map Nuestro &hellip; <a href=\"https:\/\/blografia.net\/lacobachab\/acercade\/\">Sigue leyendo <span class=\"meta-nav\">&rarr;<\/span><\/a><\/p>\n","protected":false},"author":3,"featured_media":0,"parent":0,"menu_order":0,"comment_status":"open","ping_status":"open","template":"","meta":{"footnotes":""},"class_list":["post-2","page","type-page","status-publish","hentry"],"yoast_head":"<!-- This site is optimized with the Yoast SEO plugin v27.3 - https:\/\/yoast.com\/product\/yoast-seo-wordpress\/ -->\n<title>\u00bfQuien hace la cobacha? - La Cobacha B<\/title>\n<meta name=\"robots\" content=\"index, follow, max-snippet:-1, max-image-preview:large, max-video-preview:-1\" \/>\n<link rel=\"canonical\" href=\"https:\/\/blografia.net\/lacobachab\/acercade\/\" \/>\n<meta property=\"og:locale\" content=\"es_ES\" \/>\n<meta property=\"og:type\" content=\"article\" \/>\n<meta property=\"og:title\" content=\"\u00bfQuien hace la cobacha? - La Cobacha B\" \/>\n<meta property=\"og:description\" content=\"Demoss\/Spiderman\/Mike Genio de sonido, quien dedica su tiempo libre a buscar nuevas e in\u00e9ditas versiones de \u00abPalomitas de ma\u00edz\u00bb, lector \u00e1vido de Terry Pratchet, seguidor de Lobo, Freemen incansable de la obra de Herbert, implacable lector de Asimov. Map Nuestro &hellip; Sigue leyendo &rarr;\" \/>\n<meta property=\"og:url\" content=\"https:\/\/blografia.net\/lacobachab\/acercade\/\" \/>\n<meta property=\"og:site_name\" content=\"La Cobacha B\" \/>\n<meta property=\"article:modified_time\" content=\"2011-09-04T04:15:54+00:00\" \/>\n<meta name=\"twitter:label1\" content=\"Tiempo de lectura\" \/>\n\t<meta name=\"twitter:data1\" content=\"2 minutos\" \/>\n<script type=\"application\/ld+json\" class=\"yoast-schema-graph\">{\"@context\":\"https:\\\/\\\/schema.org\",\"@graph\":[{\"@type\":\"WebPage\",\"@id\":\"https:\\\/\\\/blografia.net\\\/lacobachab\\\/acercade\\\/\",\"url\":\"https:\\\/\\\/blografia.net\\\/lacobachab\\\/acercade\\\/\",\"name\":\"\u00bfQuien hace la cobacha? - La Cobacha B\",\"isPartOf\":{\"@id\":\"https:\\\/\\\/blografia.net\\\/lacobachab\\\/#website\"},\"datePublished\":\"2011-09-04T02:55:08+00:00\",\"dateModified\":\"2011-09-04T04:15:54+00:00\",\"breadcrumb\":{\"@id\":\"https:\\\/\\\/blografia.net\\\/lacobachab\\\/acercade\\\/#breadcrumb\"},\"inLanguage\":\"es\",\"potentialAction\":[{\"@type\":\"ReadAction\",\"target\":[\"https:\\\/\\\/blografia.net\\\/lacobachab\\\/acercade\\\/\"]}]},{\"@type\":\"BreadcrumbList\",\"@id\":\"https:\\\/\\\/blografia.net\\\/lacobachab\\\/acercade\\\/#breadcrumb\",\"itemListElement\":[{\"@type\":\"ListItem\",\"position\":1,\"name\":\"Portada\",\"item\":\"https:\\\/\\\/blografia.net\\\/lacobachab\\\/\"},{\"@type\":\"ListItem\",\"position\":2,\"name\":\"\u00bfQuien hace la cobacha?\"}]},{\"@type\":\"WebSite\",\"@id\":\"https:\\\/\\\/blografia.net\\\/lacobachab\\\/#website\",\"url\":\"https:\\\/\\\/blografia.net\\\/lacobachab\\\/\",\"name\":\"La Cobacha B\",\"description\":\"\u00bfY donde quedo el Plan A?\",\"potentialAction\":[{\"@type\":\"SearchAction\",\"target\":{\"@type\":\"EntryPoint\",\"urlTemplate\":\"https:\\\/\\\/blografia.net\\\/lacobachab\\\/?s={search_term_string}\"},\"query-input\":{\"@type\":\"PropertyValueSpecification\",\"valueRequired\":true,\"valueName\":\"search_term_string\"}}],\"inLanguage\":\"es\"}]}<\/script>\n<!-- \/ Yoast SEO plugin. -->","yoast_head_json":{"title":"\u00bfQuien hace la cobacha? - La Cobacha B","robots":{"index":"index","follow":"follow","max-snippet":"max-snippet:-1","max-image-preview":"max-image-preview:large","max-video-preview":"max-video-preview:-1"},"canonical":"https:\/\/blografia.net\/lacobachab\/acercade\/","og_locale":"es_ES","og_type":"article","og_title":"\u00bfQuien hace la cobacha? - La Cobacha B","og_description":"Demoss\/Spiderman\/Mike Genio de sonido, quien dedica su tiempo libre a buscar nuevas e in\u00e9ditas versiones de \u00abPalomitas de ma\u00edz\u00bb, lector \u00e1vido de Terry Pratchet, seguidor de Lobo, Freemen incansable de la obra de Herbert, implacable lector de Asimov. Map Nuestro &hellip; Sigue leyendo &rarr;","og_url":"https:\/\/blografia.net\/lacobachab\/acercade\/","og_site_name":"La Cobacha B","article_modified_time":"2011-09-04T04:15:54+00:00","twitter_misc":{"Tiempo de lectura":"2 minutos"},"schema":{"@context":"https:\/\/schema.org","@graph":[{"@type":"WebPage","@id":"https:\/\/blografia.net\/lacobachab\/acercade\/","url":"https:\/\/blografia.net\/lacobachab\/acercade\/","name":"\u00bfQuien hace la cobacha? - La Cobacha B","isPartOf":{"@id":"https:\/\/blografia.net\/lacobachab\/#website"},"datePublished":"2011-09-04T02:55:08+00:00","dateModified":"2011-09-04T04:15:54+00:00","breadcrumb":{"@id":"https:\/\/blografia.net\/lacobachab\/acercade\/#breadcrumb"},"inLanguage":"es","potentialAction":[{"@type":"ReadAction","target":["https:\/\/blografia.net\/lacobachab\/acercade\/"]}]},{"@type":"BreadcrumbList","@id":"https:\/\/blografia.net\/lacobachab\/acercade\/#breadcrumb","itemListElement":[{"@type":"ListItem","position":1,"name":"Portada","item":"https:\/\/blografia.net\/lacobachab\/"},{"@type":"ListItem","position":2,"name":"\u00bfQuien hace la cobacha?"}]},{"@type":"WebSite","@id":"https:\/\/blografia.net\/lacobachab\/#website","url":"https:\/\/blografia.net\/lacobachab\/","name":"La Cobacha B","description":"\u00bfY donde quedo el Plan A?","potentialAction":[{"@type":"SearchAction","target":{"@type":"EntryPoint","urlTemplate":"https:\/\/blografia.net\/lacobachab\/?s={search_term_string}"},"query-input":{"@type":"PropertyValueSpecification","valueRequired":true,"valueName":"search_term_string"}}],"inLanguage":"es"}]}},"_links":{"self":[{"href":"https:\/\/blografia.net\/lacobachab\/wp-json\/wp\/v2\/pages\/2","targetHints":{"allow":["GET"]}}],"collection":[{"href":"https:\/\/blografia.net\/lacobachab\/wp-json\/wp\/v2\/pages"}],"about":[{"href":"https:\/\/blografia.net\/lacobachab\/wp-json\/wp\/v2\/types\/page"}],"author":[{"embeddable":true,"href":"https:\/\/blografia.net\/lacobachab\/wp-json\/wp\/v2\/users\/3"}],"replies":[{"embeddable":true,"href":"https:\/\/blografia.net\/lacobachab\/wp-json\/wp\/v2\/comments?post=2"}],"version-history":[{"count":0,"href":"https:\/\/blografia.net\/lacobachab\/wp-json\/wp\/v2\/pages\/2\/revisions"}],"wp:attachment":[{"href":"https:\/\/blografia.net\/lacobachab\/wp-json\/wp\/v2\/media?parent=2"}],"curies":[{"name":"wp","href":"https:\/\/api.w.org\/{rel}","templated":true}]}}